{"id":6,"date":"2015-04-30T12:53:29","date_gmt":"2015-04-30T11:53:29","guid":{"rendered":"http:\/\/huurgolfkar.nl\/de\/?page_id=6"},"modified":"2015-04-30T16:06:30","modified_gmt":"2015-04-30T15:06:30","slug":"huur-een-elektrische-golfkar","status":"publish","type":"page","link":"https:\/\/huurgolfkar.nl\/de\/huur-een-elektrische-golfkar\/","title":{"rendered":"Elektrischen Golfwagen mieten"},"content":{"rendered":"\n<style type=\"text\/css\" data-created_by=\"avia_inline_auto\" id=\"style-css-av-av_hr-ee2847e2e025ce3d30801259a03f9fd4\">\n#top .hr.hr-invisible.av-av_hr-ee2847e2e025ce3d30801259a03f9fd4{\nheight:10px;\n}\n<\/style>\n<div  class='hr av-av_hr-ee2847e2e025ce3d30801259a03f9fd4 hr-invisible  avia-builder-el-0  el_before_av_three_fifth  avia-builder-el-first '><span class='hr-inner '><span class=\"hr-inner-style\"><\/span><\/span><\/div>\n<div  class='flex_column av-av_three_fifth-2a9015ff38129c418a3f2eafba3e9512 av_three_fifth  avia-builder-el-1  el_after_av_hr  el_before_av_two_fifth  first flex_column_div  '     ><section  class='av_textblock_section av-av_textblock-0366cc7376be6c9e82a3e9cc8987b64f '   itemscope=\"itemscope\" itemtype=\"https:\/\/schema.org\/CreativeWork\" ><div class='avia_textblock'  itemprop=\"text\" ><h1>Elektrischen Golfwagen mieten<\/h1>\n<p>Mieten Sie einen elektrischen Golfwagen von Park -Drive Electric und unternehmen Sie einen pr\u00e4chtigen Ausflug am Meer entlang und durch ganz Walchteren.<\/p>\n<p>Die schmalen Zugangswege zu den Str\u00e4nden sind mit unseren elektrischen Golfwagen kein Problem. Jung und Alt, Opa und Oma, alle fahren fl\u00fcsterstill und ger\u00e4uschlos zwischen den sch\u00f6nen Feldern.<\/p>\n<\/div><\/section><\/div>\n<div  class='flex_column av-av_two_fifth-51390aaf9e51df1148f971e94a8fb894 av_two_fifth  avia-builder-el-3  el_after_av_three_fifth  el_before_av_hr  flex_column_div  '     ><style type=\"text\/css\" data-created_by=\"avia_inline_auto\" id=\"style-css-av-av_gallery-2464bc49c29ce37719860152d0148eeb\">\n#top .avia-gallery.av-av_gallery-2464bc49c29ce37719860152d0148eeb .avia-gallery-thumb a{\nwidth:50%;\n}\n<\/style>\n<div  class='avia-gallery av-av_gallery-2464bc49c29ce37719860152d0148eeb avia_animate_when_visible  avia-builder-el-4  avia-builder-el-no-sibling  deactivate_avia_lazyload avia-gallery-animate avia-gallery-1'  itemprop=\"image\" itemscope=\"itemscope\" itemtype=\"https:\/\/schema.org\/ImageObject\" ><meta itemprop=\"contentURL\" content=\"https:\/\/huurgolfkar.nl\/de\/huur-een-elektrische-golfkar\/\"><div class='avia-gallery-thumb'><a href=\"https:\/\/huurgolfkar.nl\/de\/wp-content\/uploads\/2015\/04\/event1.jpg\" data-srcset=\"https:\/\/huurgolfkar.nl\/de\/wp-content\/uploads\/2015\/04\/event1.jpg 900w, https:\/\/huurgolfkar.nl\/de\/wp-content\/uploads\/2015\/04\/event1-300x200.jpg 300w, https:\/\/huurgolfkar.nl\/de\/wp-content\/uploads\/2015\/04\/event1-705x470.jpg 705w, https:\/\/huurgolfkar.nl\/de\/wp-content\/uploads\/2015\/04\/event1-450x300.jpg 450w\" data-sizes=\"(max-width: 900px) 100vw, 900px\" data-rel='gallery-1' data-prev-img='https:\/\/huurgolfkar.nl\/de\/wp-content\/uploads\/2015\/04\/event1-495x400.jpg' class='first_thumb lightbox ' data-onclick='1' title='event1'  itemprop=\"thumbnailUrl\"  ><img decoding=\"async\" fetchpriority=\"high\" class=\"wp-image-44 avia-img-lazy-loading-not-44\"   src=\"https:\/\/huurgolfkar.nl\/de\/wp-content\/uploads\/2015\/04\/event1-495x400.jpg\" width=\"495\" height=\"400\"  title='event1' alt='' \/><div class='big-prev-fake'><img decoding=\"async\" loading=\"lazy\" class=\"wp-image-44 avia-img-lazy-loading-44\"  width=\"495\" height=\"400\" src=\"https:\/\/huurgolfkar.nl\/de\/wp-content\/uploads\/2015\/04\/event1-495x400.jpg\" title='event1' alt='' \/><\/div><\/a><a href=\"https:\/\/huurgolfkar.nl\/de\/wp-content\/uploads\/2015\/04\/event2.jpg\" data-srcset=\"https:\/\/huurgolfkar.nl\/de\/wp-content\/uploads\/2015\/04\/event2.jpg 900w, https:\/\/huurgolfkar.nl\/de\/wp-content\/uploads\/2015\/04\/event2-300x200.jpg 300w, https:\/\/huurgolfkar.nl\/de\/wp-content\/uploads\/2015\/04\/event2-705x470.jpg 705w, https:\/\/huurgolfkar.nl\/de\/wp-content\/uploads\/2015\/04\/event2-450x300.jpg 450w\" data-sizes=\"(max-width: 900px) 100vw, 900px\" data-rel='gallery-1' data-prev-img='https:\/\/huurgolfkar.nl\/de\/wp-content\/uploads\/2015\/04\/event2-495x400.jpg' class='lightbox ' data-onclick='2' title='event2'  itemprop=\"thumbnailUrl\"  ><img decoding=\"async\" fetchpriority=\"high\" class=\"wp-image-45 avia-img-lazy-loading-not-45\"   src=\"https:\/\/huurgolfkar.nl\/de\/wp-content\/uploads\/2015\/04\/event2-495x400.jpg\" width=\"495\" height=\"400\"  title='event2' alt='' \/><div class='big-prev-fake'><img decoding=\"async\" loading=\"lazy\" class=\"wp-image-45 avia-img-lazy-loading-45\"  width=\"495\" height=\"400\" src=\"https:\/\/huurgolfkar.nl\/de\/wp-content\/uploads\/2015\/04\/event2-495x400.jpg\" title='event2' alt='' \/><\/div><\/a><a href=\"https:\/\/huurgolfkar.nl\/de\/wp-content\/uploads\/2015\/04\/event3.jpg\" data-srcset=\"https:\/\/huurgolfkar.nl\/de\/wp-content\/uploads\/2015\/04\/event3.jpg 900w, https:\/\/huurgolfkar.nl\/de\/wp-content\/uploads\/2015\/04\/event3-300x200.jpg 300w, https:\/\/huurgolfkar.nl\/de\/wp-content\/uploads\/2015\/04\/event3-705x470.jpg 705w, https:\/\/huurgolfkar.nl\/de\/wp-content\/uploads\/2015\/04\/event3-450x300.jpg 450w\" data-sizes=\"(max-width: 900px) 100vw, 900px\" data-rel='gallery-1' data-prev-img='https:\/\/huurgolfkar.nl\/de\/wp-content\/uploads\/2015\/04\/event3-495x400.jpg' class='first_thumb lightbox ' data-onclick='3' title='event3'  itemprop=\"thumbnailUrl\"  ><img decoding=\"async\" fetchpriority=\"high\" class=\"wp-image-46 avia-img-lazy-loading-not-46\"   src=\"https:\/\/huurgolfkar.nl\/de\/wp-content\/uploads\/2015\/04\/event3-495x400.jpg\" width=\"495\" height=\"400\"  title='event3' alt='' \/><div class='big-prev-fake'><img decoding=\"async\" loading=\"lazy\" class=\"wp-image-46 avia-img-lazy-loading-46\"  width=\"495\" height=\"400\" src=\"https:\/\/huurgolfkar.nl\/de\/wp-content\/uploads\/2015\/04\/event3-495x400.jpg\" title='event3' alt='' \/><\/div><\/a><a href=\"https:\/\/huurgolfkar.nl\/de\/wp-content\/uploads\/2015\/04\/event4.jpg\" data-srcset=\"https:\/\/huurgolfkar.nl\/de\/wp-content\/uploads\/2015\/04\/event4.jpg 900w, https:\/\/huurgolfkar.nl\/de\/wp-content\/uploads\/2015\/04\/event4-300x200.jpg 300w, https:\/\/huurgolfkar.nl\/de\/wp-content\/uploads\/2015\/04\/event4-705x470.jpg 705w, https:\/\/huurgolfkar.nl\/de\/wp-content\/uploads\/2015\/04\/event4-450x300.jpg 450w\" data-sizes=\"(max-width: 900px) 100vw, 900px\" data-rel='gallery-1' data-prev-img='https:\/\/huurgolfkar.nl\/de\/wp-content\/uploads\/2015\/04\/event4-495x400.jpg' class='lightbox ' data-onclick='4' title='event4'  itemprop=\"thumbnailUrl\"  ><img decoding=\"async\" fetchpriority=\"high\" class=\"wp-image-47 avia-img-lazy-loading-not-47\"   src=\"https:\/\/huurgolfkar.nl\/de\/wp-content\/uploads\/2015\/04\/event4-495x400.jpg\" width=\"495\" height=\"400\"  title='event4' alt='' \/><div class='big-prev-fake'><img decoding=\"async\" loading=\"lazy\" class=\"wp-image-47 avia-img-lazy-loading-47\"  width=\"495\" height=\"400\" src=\"https:\/\/huurgolfkar.nl\/de\/wp-content\/uploads\/2015\/04\/event4-495x400.jpg\" title='event4' alt='' \/><\/div><\/a><a href=\"https:\/\/huurgolfkar.nl\/de\/wp-content\/uploads\/2015\/04\/event5.jpg\" data-srcset=\"https:\/\/huurgolfkar.nl\/de\/wp-content\/uploads\/2015\/04\/event5.jpg 900w, https:\/\/huurgolfkar.nl\/de\/wp-content\/uploads\/2015\/04\/event5-300x200.jpg 300w, https:\/\/huurgolfkar.nl\/de\/wp-content\/uploads\/2015\/04\/event5-705x470.jpg 705w, https:\/\/huurgolfkar.nl\/de\/wp-content\/uploads\/2015\/04\/event5-450x300.jpg 450w\" data-sizes=\"(max-width: 900px) 100vw, 900px\" data-rel='gallery-1' data-prev-img='https:\/\/huurgolfkar.nl\/de\/wp-content\/uploads\/2015\/04\/event5-495x400.jpg' class='first_thumb lightbox ' data-onclick='5' title='event5'  itemprop=\"thumbnailUrl\"  ><img decoding=\"async\" fetchpriority=\"high\" class=\"wp-image-48 avia-img-lazy-loading-not-48\"   src=\"https:\/\/huurgolfkar.nl\/de\/wp-content\/uploads\/2015\/04\/event5-495x400.jpg\" width=\"495\" height=\"400\"  title='event5' alt='' \/><div class='big-prev-fake'><img decoding=\"async\" loading=\"lazy\" class=\"wp-image-48 avia-img-lazy-loading-48\"  width=\"495\" height=\"400\" src=\"https:\/\/huurgolfkar.nl\/de\/wp-content\/uploads\/2015\/04\/event5-495x400.jpg\" title='event5' alt='' \/><\/div><\/a><a href=\"https:\/\/huurgolfkar.nl\/de\/wp-content\/uploads\/2015\/04\/event6.jpg\" data-srcset=\"https:\/\/huurgolfkar.nl\/de\/wp-content\/uploads\/2015\/04\/event6.jpg 900w, https:\/\/huurgolfkar.nl\/de\/wp-content\/uploads\/2015\/04\/event6-300x200.jpg 300w, https:\/\/huurgolfkar.nl\/de\/wp-content\/uploads\/2015\/04\/event6-705x470.jpg 705w, https:\/\/huurgolfkar.nl\/de\/wp-content\/uploads\/2015\/04\/event6-450x300.jpg 450w\" data-sizes=\"(max-width: 900px) 100vw, 900px\" data-rel='gallery-1' data-prev-img='https:\/\/huurgolfkar.nl\/de\/wp-content\/uploads\/2015\/04\/event6-495x400.jpg' class='lightbox ' data-onclick='6' title='event6'  itemprop=\"thumbnailUrl\"  ><img decoding=\"async\" fetchpriority=\"high\" class=\"wp-image-49 avia-img-lazy-loading-not-49\"   src=\"https:\/\/huurgolfkar.nl\/de\/wp-content\/uploads\/2015\/04\/event6-495x400.jpg\" width=\"495\" height=\"400\"  title='event6' alt='' \/><div class='big-prev-fake'><img decoding=\"async\" loading=\"lazy\" class=\"wp-image-49 avia-img-lazy-loading-49\"  width=\"495\" height=\"400\" src=\"https:\/\/huurgolfkar.nl\/de\/wp-content\/uploads\/2015\/04\/event6-495x400.jpg\" title='event6' alt='' \/><\/div><\/a><\/div><\/div><\/div>\n\n<style type=\"text\/css\" data-created_by=\"avia_inline_auto\" id=\"style-css-av-av_hr-ee2847e2e025ce3d30801259a03f9fd4\">\n#top .hr.hr-invisible.av-av_hr-ee2847e2e025ce3d30801259a03f9fd4{\nheight:10px;\n}\n<\/style>\n<div  class='hr av-av_hr-ee2847e2e025ce3d30801259a03f9fd4 hr-invisible  avia-builder-el-5  el_after_av_two_fifth  avia-builder-el-last '><span class='hr-inner '><span class=\"hr-inner-style\"><\/span><\/span><\/div>\n","protected":false},"excerpt":{"rendered":"","protected":false},"author":1,"featured_media":0,"parent":0,"menu_order":0,"comment_status":"open","ping_status":"open","template":"","meta":{"footnotes":""},"class_list":["post-6","page","type-page","status-publish","hentry"],"yoast_head":"<!-- This site is optimized with the Yoast SEO plugin v26.9 - https:\/\/yoast.com\/product\/yoast-seo-wordpress\/ -->\n<title>Huur een elektrische golfkar | Golfkar huren Nederland<\/title>\n<meta name=\"description\" content=\"Huur een elektrische golfkar van Park -Drive Electric en maak een prachtige tocht langs de zee en door heel Walcheren. Zeeland is de perfecte bestemming voor een dagje weg met een elektrische golfkar voor op de openbare ;weg. In Nederland rijden met een van onze huurgolfkarren is toegestaan . Wilt u transportvoertuigen of golfkar huren Invest-mobile heeft een uitgebreide verhuurvloot tot uw beschikking. Huur een golfkar voor uw bedrijfs uitje en geniet van het rijden met Invest-mobile clubcar op de openbare weg ,Invest-Mobile bedrijfsfeest met een gehuurde golfkar is een feest in heel Nederland. Invest-mobile ClubCar is een Amerikaans kwaliteitsmerk oa transportvoertuigen voor personen -en goederenvervoer en bedrijven. Huren hoeft geen probleem meer te zijn, golfkar is niet toegestaan op de openbare weg zonder kenteken. Een golfkar huren in Nederland. Wij hebben permanent een groot aantal gebruikte ClubCar transportvoertuigen. diverse opties zoals bijvoorbeeld laadbakjes, vele personen boeken bij invest-mobile in Nederland\" \/>\n<meta name=\"robots\" content=\"index, follow, max-snippet:-1, max-image-preview:large, max-video-preview:-1\" \/>\n<link rel=\"canonical\" href=\"https:\/\/huurgolfkar.nl\/de\/huur-een-elektrische-golfkar\/\" \/>\n<meta property=\"og:locale\" content=\"nl_NL\" \/>\n<meta property=\"og:type\" content=\"article\" \/>\n<meta property=\"og:title\" content=\"Huur een elektrische golfkar | Golfkar huren Nederland\" \/>\n<meta property=\"og:description\" content=\"Huur een elektrische golfkar van Park -Drive Electric en maak een prachtige tocht langs de zee en door heel Walcheren. Zeeland is de perfecte bestemming voor een dagje weg met een elektrische golfkar voor op de openbare ;weg. In Nederland rijden met een van onze huurgolfkarren is toegestaan . Wilt u transportvoertuigen of golfkar huren Invest-mobile heeft een uitgebreide verhuurvloot tot uw beschikking. Huur een golfkar voor uw bedrijfs uitje en geniet van het rijden met Invest-mobile clubcar op de openbare weg ,Invest-Mobile bedrijfsfeest met een gehuurde golfkar is een feest in heel Nederland. Invest-mobile ClubCar is een Amerikaans kwaliteitsmerk oa transportvoertuigen voor personen -en goederenvervoer en bedrijven. Huren hoeft geen probleem meer te zijn, golfkar is niet toegestaan op de openbare weg zonder kenteken. Een golfkar huren in Nederland. Wij hebben permanent een groot aantal gebruikte ClubCar transportvoertuigen. diverse opties zoals bijvoorbeeld laadbakjes, vele personen boeken bij invest-mobile in Nederland\" \/>\n<meta property=\"og:url\" content=\"https:\/\/huurgolfkar.nl\/de\/huur-een-elektrische-golfkar\/\" \/>\n<meta property=\"og:site_name\" content=\"Huurgolfkar.nl\" \/>\n<meta property=\"article:modified_time\" content=\"2015-04-30T15:06:30+00:00\" \/>\n<meta name=\"twitter:card\" content=\"summary_large_image\" \/>\n<meta name=\"twitter:label1\" content=\"Geschatte leestijd\" \/>\n\t<meta name=\"twitter:data1\" content=\"1 minuut\" \/>\n<script type=\"application\/ld+json\" class=\"yoast-schema-graph\">{\"@context\":\"https:\/\/schema.org\",\"@graph\":[{\"@type\":\"WebPage\",\"@id\":\"https:\/\/huurgolfkar.nl\/de\/huur-een-elektrische-golfkar\/\",\"url\":\"https:\/\/huurgolfkar.nl\/de\/huur-een-elektrische-golfkar\/\",\"name\":\"Huur een elektrische golfkar | Golfkar huren Nederland\",\"isPartOf\":{\"@id\":\"https:\/\/huurgolfkar.nl\/de\/#website\"},\"datePublished\":\"2015-04-30T11:53:29+00:00\",\"dateModified\":\"2015-04-30T15:06:30+00:00\",\"description\":\"Huur een elektrische golfkar van Park -Drive Electric en maak een prachtige tocht langs de zee en door heel Walcheren. Zeeland is de perfecte bestemming voor een dagje weg met een elektrische golfkar voor op de openbare ;weg. In Nederland rijden met een van onze huurgolfkarren is toegestaan . Wilt u transportvoertuigen of golfkar huren Invest-mobile heeft een uitgebreide verhuurvloot tot uw beschikking. Huur een golfkar voor uw bedrijfs uitje en geniet van het rijden met Invest-mobile clubcar op de openbare weg ,Invest-Mobile bedrijfsfeest met een gehuurde golfkar is een feest in heel Nederland. Invest-mobile ClubCar is een Amerikaans kwaliteitsmerk oa transportvoertuigen voor personen -en goederenvervoer en bedrijven. Huren hoeft geen probleem meer te zijn, golfkar is niet toegestaan op de openbare weg zonder kenteken. Een golfkar huren in Nederland. Wij hebben permanent een groot aantal gebruikte ClubCar transportvoertuigen. diverse opties zoals bijvoorbeeld laadbakjes, vele personen boeken bij invest-mobile in Nederland\",\"breadcrumb\":{\"@id\":\"https:\/\/huurgolfkar.nl\/de\/huur-een-elektrische-golfkar\/#breadcrumb\"},\"inLanguage\":\"nl-NL\",\"potentialAction\":[{\"@type\":\"ReadAction\",\"target\":[\"https:\/\/huurgolfkar.nl\/de\/huur-een-elektrische-golfkar\/\"]}]},{\"@type\":\"BreadcrumbList\",\"@id\":\"https:\/\/huurgolfkar.nl\/de\/huur-een-elektrische-golfkar\/#breadcrumb\",\"itemListElement\":[{\"@type\":\"ListItem\",\"position\":1,\"name\":\"Home\",\"item\":\"https:\/\/huurgolfkar.nl\/de\/\"},{\"@type\":\"ListItem\",\"position\":2,\"name\":\"Elektrischen Golfwagen mieten\"}]},{\"@type\":\"WebSite\",\"@id\":\"https:\/\/huurgolfkar.nl\/de\/#website\",\"url\":\"https:\/\/huurgolfkar.nl\/de\/\",\"name\":\"Huurgolfkar.nl\",\"description\":\"\",\"potentialAction\":[{\"@type\":\"SearchAction\",\"target\":{\"@type\":\"EntryPoint\",\"urlTemplate\":\"https:\/\/huurgolfkar.nl\/de\/?s={search_term_string}\"},\"query-input\":{\"@type\":\"PropertyValueSpecification\",\"valueRequired\":true,\"valueName\":\"search_term_string\"}}],\"inLanguage\":\"nl-NL\"}]}<\/script>\n<!-- \/ Yoast SEO plugin. -->","yoast_head_json":{"title":"Huur een elektrische golfkar | Golfkar huren Nederland","description":"Huur een elektrische golfkar van Park -Drive Electric en maak een prachtige tocht langs de zee en door heel Walcheren. Zeeland is de perfecte bestemming voor een dagje weg met een elektrische golfkar voor op de openbare ;weg. In Nederland rijden met een van onze huurgolfkarren is toegestaan . Wilt u transportvoertuigen of golfkar huren Invest-mobile heeft een uitgebreide verhuurvloot tot uw beschikking. Huur een golfkar voor uw bedrijfs uitje en geniet van het rijden met Invest-mobile clubcar op de openbare weg ,Invest-Mobile bedrijfsfeest met een gehuurde golfkar is een feest in heel Nederland. Invest-mobile ClubCar is een Amerikaans kwaliteitsmerk oa transportvoertuigen voor personen -en goederenvervoer en bedrijven. Huren hoeft geen probleem meer te zijn, golfkar is niet toegestaan op de openbare weg zonder kenteken. Een golfkar huren in Nederland. Wij hebben permanent een groot aantal gebruikte ClubCar transportvoertuigen. diverse opties zoals bijvoorbeeld laadbakjes, vele personen boeken bij invest-mobile in Nederland","robots":{"index":"index","follow":"follow","max-snippet":"max-snippet:-1","max-image-preview":"max-image-preview:large","max-video-preview":"max-video-preview:-1"},"canonical":"https:\/\/huurgolfkar.nl\/de\/huur-een-elektrische-golfkar\/","og_locale":"nl_NL","og_type":"article","og_title":"Huur een elektrische golfkar | Golfkar huren Nederland","og_description":"Huur een elektrische golfkar van Park -Drive Electric en maak een prachtige tocht langs de zee en door heel Walcheren. Zeeland is de perfecte bestemming voor een dagje weg met een elektrische golfkar voor op de openbare ;weg. In Nederland rijden met een van onze huurgolfkarren is toegestaan . Wilt u transportvoertuigen of golfkar huren Invest-mobile heeft een uitgebreide verhuurvloot tot uw beschikking. Huur een golfkar voor uw bedrijfs uitje en geniet van het rijden met Invest-mobile clubcar op de openbare weg ,Invest-Mobile bedrijfsfeest met een gehuurde golfkar is een feest in heel Nederland. Invest-mobile ClubCar is een Amerikaans kwaliteitsmerk oa transportvoertuigen voor personen -en goederenvervoer en bedrijven. Huren hoeft geen probleem meer te zijn, golfkar is niet toegestaan op de openbare weg zonder kenteken. Een golfkar huren in Nederland. Wij hebben permanent een groot aantal gebruikte ClubCar transportvoertuigen. diverse opties zoals bijvoorbeeld laadbakjes, vele personen boeken bij invest-mobile in Nederland","og_url":"https:\/\/huurgolfkar.nl\/de\/huur-een-elektrische-golfkar\/","og_site_name":"Huurgolfkar.nl","article_modified_time":"2015-04-30T15:06:30+00:00","twitter_card":"summary_large_image","twitter_misc":{"Geschatte leestijd":"1 minuut"},"schema":{"@context":"https:\/\/schema.org","@graph":[{"@type":"WebPage","@id":"https:\/\/huurgolfkar.nl\/de\/huur-een-elektrische-golfkar\/","url":"https:\/\/huurgolfkar.nl\/de\/huur-een-elektrische-golfkar\/","name":"Huur een elektrische golfkar | Golfkar huren Nederland","isPartOf":{"@id":"https:\/\/huurgolfkar.nl\/de\/#website"},"datePublished":"2015-04-30T11:53:29+00:00","dateModified":"2015-04-30T15:06:30+00:00","description":"Huur een elektrische golfkar van Park -Drive Electric en maak een prachtige tocht langs de zee en door heel Walcheren. Zeeland is de perfecte bestemming voor een dagje weg met een elektrische golfkar voor op de openbare ;weg. In Nederland rijden met een van onze huurgolfkarren is toegestaan . Wilt u transportvoertuigen of golfkar huren Invest-mobile heeft een uitgebreide verhuurvloot tot uw beschikking. Huur een golfkar voor uw bedrijfs uitje en geniet van het rijden met Invest-mobile clubcar op de openbare weg ,Invest-Mobile bedrijfsfeest met een gehuurde golfkar is een feest in heel Nederland. Invest-mobile ClubCar is een Amerikaans kwaliteitsmerk oa transportvoertuigen voor personen -en goederenvervoer en bedrijven. Huren hoeft geen probleem meer te zijn, golfkar is niet toegestaan op de openbare weg zonder kenteken. Een golfkar huren in Nederland. Wij hebben permanent een groot aantal gebruikte ClubCar transportvoertuigen. diverse opties zoals bijvoorbeeld laadbakjes, vele personen boeken bij invest-mobile in Nederland","breadcrumb":{"@id":"https:\/\/huurgolfkar.nl\/de\/huur-een-elektrische-golfkar\/#breadcrumb"},"inLanguage":"nl-NL","potentialAction":[{"@type":"ReadAction","target":["https:\/\/huurgolfkar.nl\/de\/huur-een-elektrische-golfkar\/"]}]},{"@type":"BreadcrumbList","@id":"https:\/\/huurgolfkar.nl\/de\/huur-een-elektrische-golfkar\/#breadcrumb","itemListElement":[{"@type":"ListItem","position":1,"name":"Home","item":"https:\/\/huurgolfkar.nl\/de\/"},{"@type":"ListItem","position":2,"name":"Elektrischen Golfwagen mieten"}]},{"@type":"WebSite","@id":"https:\/\/huurgolfkar.nl\/de\/#website","url":"https:\/\/huurgolfkar.nl\/de\/","name":"Huurgolfkar.nl","description":"","potentialAction":[{"@type":"SearchAction","target":{"@type":"EntryPoint","urlTemplate":"https:\/\/huurgolfkar.nl\/de\/?s={search_term_string}"},"query-input":{"@type":"PropertyValueSpecification","valueRequired":true,"valueName":"search_term_string"}}],"inLanguage":"nl-NL"}]}},"_links":{"self":[{"href":"https:\/\/huurgolfkar.nl\/de\/wp-json\/wp\/v2\/pages\/6","targetHints":{"allow":["GET"]}}],"collection":[{"href":"https:\/\/huurgolfkar.nl\/de\/wp-json\/wp\/v2\/pages"}],"about":[{"href":"https:\/\/huurgolfkar.nl\/de\/wp-json\/wp\/v2\/types\/page"}],"author":[{"embeddable":true,"href":"https:\/\/huurgolfkar.nl\/de\/wp-json\/wp\/v2\/users\/1"}],"replies":[{"embeddable":true,"href":"https:\/\/huurgolfkar.nl\/de\/wp-json\/wp\/v2\/comments?post=6"}],"version-history":[{"count":8,"href":"https:\/\/huurgolfkar.nl\/de\/wp-json\/wp\/v2\/pages\/6\/revisions"}],"predecessor-version":[{"id":87,"href":"https:\/\/huurgolfkar.nl\/de\/wp-json\/wp\/v2\/pages\/6\/revisions\/87"}],"wp:attachment":[{"href":"https:\/\/huurgolfkar.nl\/de\/wp-json\/wp\/v2\/media?parent=6"}],"curies":[{"name":"wp","href":"https:\/\/api.w.org\/{rel}","templated":true}]}}