{"id":12,"date":"2015-04-30T12:54:03","date_gmt":"2015-04-30T11:54:03","guid":{"rendered":"http:\/\/huurgolfkar.nl\/de\/?page_id=12"},"modified":"2015-04-30T16:12:10","modified_gmt":"2015-04-30T15:12:10","slug":"event-verhuur","status":"publish","type":"page","link":"https:\/\/huurgolfkar.nl\/de\/event-verhuur\/","title":{"rendered":"Eventvermietung, einen Golfwagen mieten"},"content":{"rendered":"\n<style type=\"text\/css\" data-created_by=\"avia_inline_auto\" id=\"style-css-av-av_hr-ee2847e2e025ce3d30801259a03f9fd4\">\n#top .hr.hr-invisible.av-av_hr-ee2847e2e025ce3d30801259a03f9fd4{\nheight:10px;\n}\n<\/style>\n<div  class='hr av-av_hr-ee2847e2e025ce3d30801259a03f9fd4 hr-invisible  avia-builder-el-0  el_before_av_three_fifth  avia-builder-el-first '><span class='hr-inner '><span class=\"hr-inner-style\"><\/span><\/span><\/div>\n<div  class='flex_column av-av_three_fifth-2a9015ff38129c418a3f2eafba3e9512 av_three_fifth  avia-builder-el-1  el_after_av_hr  el_before_av_two_fifth  first flex_column_div  '     ><section  class='av_textblock_section av-av_textblock-0366cc7376be6c9e82a3e9cc8987b64f '   itemscope=\"itemscope\" itemtype=\"https:\/\/schema.org\/CreativeWork\" ><div class='avia_textblock'  itemprop=\"text\" ><h1>Eventvermietung, einen Golfwagen mieten<\/h1>\n<p>Sie ben\u00f6tigen vor\u00fcbergehend einen Golfwagenshuttle. Unsere Golfwagen helfen Ihnen bei Mobilit\u00e4tsproblemen. Elektrische Golfwagen eignen sich besonders f\u00fcr eine Messe, Teambuilding-Tage, Konzerte, Turniere oder einfach einen Tagesausflug mit Familie.<\/p>\n<p>Invest-Mobile verf\u00fcgt \u00fcber einen sehr gro\u00dfen Fuhrpark an Golfwagen und viele Typen f\u00fcr allerhand Anwendungen und elektrisch angetrieben. Wir vermieten auch Elektro-Lastwagen. Eventuelle Personalisierung Ihres Fahrzeugs bis zum vollst\u00e4ndigen Aufbau ist kein Problem. Invest-Mobile hat einen eigenen Wartungsdienst und wir liefern alle Fahrzeuge in ganz Europa vor Ort, auch mit ausl\u00e4ndischen Kennzeichen.<\/p>\n<p>F\u00fcr die richtige Gesetzgebung, besuchen Sie <a href=\"http:\/\/www.golfkarkopen.be\">www.golfkarkopen.be<\/a>. Alle Fahrzeuge werden mit Gebrauchsanweisung geliefert.<\/p>\n<\/div><\/section><\/div>\n<div  class='flex_column av-av_two_fifth-51390aaf9e51df1148f971e94a8fb894 av_two_fifth  avia-builder-el-3  el_after_av_three_fifth  avia-builder-el-last  flex_column_div  '     ><style type=\"text\/css\" data-created_by=\"avia_inline_auto\" id=\"style-css-av-av_gallery-fd91c9a168fa6be922e9cd1e7ebce2fd\">\n#top .avia-gallery.av-av_gallery-fd91c9a168fa6be922e9cd1e7ebce2fd .avia-gallery-thumb a{\nwidth:50%;\n}\n<\/style>\n<div  class='avia-gallery av-av_gallery-fd91c9a168fa6be922e9cd1e7ebce2fd avia_animate_when_visible  avia-builder-el-4  avia-builder-el-no-sibling  deactivate_avia_lazyload avia-gallery-animate avia-gallery-1'  itemprop=\"image\" itemscope=\"itemscope\" itemtype=\"https:\/\/schema.org\/ImageObject\" ><meta itemprop=\"contentURL\" content=\"https:\/\/huurgolfkar.nl\/de\/event-verhuur\/\"><div class='avia-gallery-thumb'><a href=\"https:\/\/huurgolfkar.nl\/de\/wp-content\/uploads\/2015\/04\/huur1.jpg\" data-srcset=\"https:\/\/huurgolfkar.nl\/de\/wp-content\/uploads\/2015\/04\/huur1.jpg 900w, https:\/\/huurgolfkar.nl\/de\/wp-content\/uploads\/2015\/04\/huur1-300x200.jpg 300w, https:\/\/huurgolfkar.nl\/de\/wp-content\/uploads\/2015\/04\/huur1-705x470.jpg 705w, https:\/\/huurgolfkar.nl\/de\/wp-content\/uploads\/2015\/04\/huur1-450x300.jpg 450w\" data-sizes=\"(max-width: 900px) 100vw, 900px\" data-rel='gallery-1' data-prev-img='https:\/\/huurgolfkar.nl\/de\/wp-content\/uploads\/2015\/04\/huur1-495x400.jpg' class='first_thumb lightbox ' data-onclick='1' title='huur1'  itemprop=\"thumbnailUrl\"  ><img decoding=\"async\" fetchpriority=\"high\" class=\"wp-image-67 avia-img-lazy-loading-not-67\"   src=\"https:\/\/huurgolfkar.nl\/de\/wp-content\/uploads\/2015\/04\/huur1-495x400.jpg\" width=\"495\" height=\"400\"  title='huur1' alt='' \/><div class='big-prev-fake'><img decoding=\"async\" loading=\"lazy\" class=\"wp-image-67 avia-img-lazy-loading-67\"  width=\"495\" height=\"400\" src=\"https:\/\/huurgolfkar.nl\/de\/wp-content\/uploads\/2015\/04\/huur1-495x400.jpg\" title='huur1' alt='' \/><\/div><\/a><a href=\"https:\/\/huurgolfkar.nl\/de\/wp-content\/uploads\/2015\/04\/huur2.jpg\" data-srcset=\"https:\/\/huurgolfkar.nl\/de\/wp-content\/uploads\/2015\/04\/huur2.jpg 900w, https:\/\/huurgolfkar.nl\/de\/wp-content\/uploads\/2015\/04\/huur2-300x200.jpg 300w, https:\/\/huurgolfkar.nl\/de\/wp-content\/uploads\/2015\/04\/huur2-705x470.jpg 705w, https:\/\/huurgolfkar.nl\/de\/wp-content\/uploads\/2015\/04\/huur2-450x300.jpg 450w\" data-sizes=\"(max-width: 900px) 100vw, 900px\" data-rel='gallery-1' data-prev-img='https:\/\/huurgolfkar.nl\/de\/wp-content\/uploads\/2015\/04\/huur2-495x400.jpg' class='lightbox ' data-onclick='2' title='huur2'  itemprop=\"thumbnailUrl\"  ><img decoding=\"async\" fetchpriority=\"high\" class=\"wp-image-68 avia-img-lazy-loading-not-68\"   src=\"https:\/\/huurgolfkar.nl\/de\/wp-content\/uploads\/2015\/04\/huur2-495x400.jpg\" width=\"495\" height=\"400\"  title='huur2' alt='' \/><div class='big-prev-fake'><img decoding=\"async\" loading=\"lazy\" class=\"wp-image-68 avia-img-lazy-loading-68\"  width=\"495\" height=\"400\" src=\"https:\/\/huurgolfkar.nl\/de\/wp-content\/uploads\/2015\/04\/huur2-495x400.jpg\" title='huur2' alt='' \/><\/div><\/a><a href=\"https:\/\/huurgolfkar.nl\/de\/wp-content\/uploads\/2015\/04\/huur3.jpg\" data-srcset=\"https:\/\/huurgolfkar.nl\/de\/wp-content\/uploads\/2015\/04\/huur3.jpg 900w, https:\/\/huurgolfkar.nl\/de\/wp-content\/uploads\/2015\/04\/huur3-300x200.jpg 300w, https:\/\/huurgolfkar.nl\/de\/wp-content\/uploads\/2015\/04\/huur3-705x470.jpg 705w, https:\/\/huurgolfkar.nl\/de\/wp-content\/uploads\/2015\/04\/huur3-450x300.jpg 450w\" data-sizes=\"(max-width: 900px) 100vw, 900px\" data-rel='gallery-1' data-prev-img='https:\/\/huurgolfkar.nl\/de\/wp-content\/uploads\/2015\/04\/huur3-495x400.jpg' class='first_thumb lightbox ' data-onclick='3' title='huur3'  itemprop=\"thumbnailUrl\"  ><img decoding=\"async\" fetchpriority=\"high\" class=\"wp-image-69 avia-img-lazy-loading-not-69\"   src=\"https:\/\/huurgolfkar.nl\/de\/wp-content\/uploads\/2015\/04\/huur3-495x400.jpg\" width=\"495\" height=\"400\"  title='huur3' alt='' \/><div class='big-prev-fake'><img decoding=\"async\" loading=\"lazy\" class=\"wp-image-69 avia-img-lazy-loading-69\"  width=\"495\" height=\"400\" src=\"https:\/\/huurgolfkar.nl\/de\/wp-content\/uploads\/2015\/04\/huur3-495x400.jpg\" title='huur3' alt='' \/><\/div><\/a><a href=\"https:\/\/huurgolfkar.nl\/de\/wp-content\/uploads\/2015\/04\/huur4.jpg\" data-srcset=\"https:\/\/huurgolfkar.nl\/de\/wp-content\/uploads\/2015\/04\/huur4.jpg 900w, https:\/\/huurgolfkar.nl\/de\/wp-content\/uploads\/2015\/04\/huur4-300x200.jpg 300w, https:\/\/huurgolfkar.nl\/de\/wp-content\/uploads\/2015\/04\/huur4-705x470.jpg 705w, https:\/\/huurgolfkar.nl\/de\/wp-content\/uploads\/2015\/04\/huur4-450x300.jpg 450w\" data-sizes=\"(max-width: 900px) 100vw, 900px\" data-rel='gallery-1' data-prev-img='https:\/\/huurgolfkar.nl\/de\/wp-content\/uploads\/2015\/04\/huur4-495x400.jpg' class='lightbox ' data-onclick='4' title='huur4'  itemprop=\"thumbnailUrl\"  ><img decoding=\"async\" fetchpriority=\"high\" class=\"wp-image-70 avia-img-lazy-loading-not-70\"   src=\"https:\/\/huurgolfkar.nl\/de\/wp-content\/uploads\/2015\/04\/huur4-495x400.jpg\" width=\"495\" height=\"400\"  title='huur4' alt='' \/><div class='big-prev-fake'><img decoding=\"async\" loading=\"lazy\" class=\"wp-image-70 avia-img-lazy-loading-70\"  width=\"495\" height=\"400\" src=\"https:\/\/huurgolfkar.nl\/de\/wp-content\/uploads\/2015\/04\/huur4-495x400.jpg\" title='huur4' alt='' \/><\/div><\/a><\/div><\/div><\/div>\n","protected":false},"excerpt":{"rendered":"","protected":false},"author":1,"featured_media":0,"parent":0,"menu_order":0,"comment_status":"open","ping_status":"open","template":"","meta":{"footnotes":""},"class_list":["post-12","page","type-page","status-publish","hentry"],"yoast_head":"<!-- This site is optimized with the Yoast SEO plugin v26.9 - https:\/\/yoast.com\/product\/yoast-seo-wordpress\/ -->\n<title>Event Verhuur | Golfkar huren Nederland<\/title>\n<meta name=\"description\" content=\"Huur een elektrische golfkar van Park -Drive Electric en maak een prachtige tocht langs de zee en door heel Walcheren. Zeeland is de perfecte bestemming voor een dagje weg met een elektrische golfkar voor op de openbare ;weg. In Nederland rijden met een van onze huurgolfkarren is toegestaan . Wilt u transportvoertuigen of golfkar huren Invest-mobile heeft een uitgebreide verhuurvloot tot uw beschikking. Huur een golfkar voor uw bedrijfs uitje en geniet van het rijden met Invest-mobile clubcar op de openbare weg ,Invest-Mobile bedrijfsfeest met een gehuurde golfkar is een feest in heel Nederland. Invest-mobile ClubCar is een Amerikaans kwaliteitsmerk oa transportvoertuigen voor personen -en goederenvervoer en bedrijven. Huren hoeft geen probleem meer te zijn, golfkar is niet toegestaan op de openbare weg zonder kenteken. Een golfkar huren in Nederland. Wij hebben permanent een groot aantal gebruikte ClubCar transportvoertuigen. diverse opties zoals bijvoorbeeld laadbakjes, vele personen boeken bij invest-mobile in Nederland\" \/>\n<meta name=\"robots\" content=\"index, follow, max-snippet:-1, max-image-preview:large, max-video-preview:-1\" \/>\n<link rel=\"canonical\" href=\"https:\/\/huurgolfkar.nl\/de\/event-verhuur\/\" \/>\n<meta property=\"og:locale\" content=\"nl_NL\" \/>\n<meta property=\"og:type\" content=\"article\" \/>\n<meta property=\"og:title\" content=\"Event Verhuur | Golfkar huren Nederland\" \/>\n<meta property=\"og:description\" content=\"Huur een elektrische golfkar van Park -Drive Electric en maak een prachtige tocht langs de zee en door heel Walcheren. Zeeland is de perfecte bestemming voor een dagje weg met een elektrische golfkar voor op de openbare ;weg. In Nederland rijden met een van onze huurgolfkarren is toegestaan . Wilt u transportvoertuigen of golfkar huren Invest-mobile heeft een uitgebreide verhuurvloot tot uw beschikking. Huur een golfkar voor uw bedrijfs uitje en geniet van het rijden met Invest-mobile clubcar op de openbare weg ,Invest-Mobile bedrijfsfeest met een gehuurde golfkar is een feest in heel Nederland. Invest-mobile ClubCar is een Amerikaans kwaliteitsmerk oa transportvoertuigen voor personen -en goederenvervoer en bedrijven. Huren hoeft geen probleem meer te zijn, golfkar is niet toegestaan op de openbare weg zonder kenteken. Een golfkar huren in Nederland. Wij hebben permanent een groot aantal gebruikte ClubCar transportvoertuigen. diverse opties zoals bijvoorbeeld laadbakjes, vele personen boeken bij invest-mobile in Nederland\" \/>\n<meta property=\"og:url\" content=\"https:\/\/huurgolfkar.nl\/de\/event-verhuur\/\" \/>\n<meta property=\"og:site_name\" content=\"Huurgolfkar.nl\" \/>\n<meta property=\"article:modified_time\" content=\"2015-04-30T15:12:10+00:00\" \/>\n<meta name=\"twitter:card\" content=\"summary_large_image\" \/>\n<meta name=\"twitter:label1\" content=\"Geschatte leestijd\" \/>\n\t<meta name=\"twitter:data1\" content=\"1 minuut\" \/>\n<script type=\"application\/ld+json\" class=\"yoast-schema-graph\">{\"@context\":\"https:\/\/schema.org\",\"@graph\":[{\"@type\":\"WebPage\",\"@id\":\"https:\/\/huurgolfkar.nl\/de\/event-verhuur\/\",\"url\":\"https:\/\/huurgolfkar.nl\/de\/event-verhuur\/\",\"name\":\"Event Verhuur | Golfkar huren Nederland\",\"isPartOf\":{\"@id\":\"https:\/\/huurgolfkar.nl\/de\/#website\"},\"datePublished\":\"2015-04-30T11:54:03+00:00\",\"dateModified\":\"2015-04-30T15:12:10+00:00\",\"description\":\"Huur een elektrische golfkar van Park -Drive Electric en maak een prachtige tocht langs de zee en door heel Walcheren. Zeeland is de perfecte bestemming voor een dagje weg met een elektrische golfkar voor op de openbare ;weg. In Nederland rijden met een van onze huurgolfkarren is toegestaan . Wilt u transportvoertuigen of golfkar huren Invest-mobile heeft een uitgebreide verhuurvloot tot uw beschikking. Huur een golfkar voor uw bedrijfs uitje en geniet van het rijden met Invest-mobile clubcar op de openbare weg ,Invest-Mobile bedrijfsfeest met een gehuurde golfkar is een feest in heel Nederland. Invest-mobile ClubCar is een Amerikaans kwaliteitsmerk oa transportvoertuigen voor personen -en goederenvervoer en bedrijven. Huren hoeft geen probleem meer te zijn, golfkar is niet toegestaan op de openbare weg zonder kenteken. Een golfkar huren in Nederland. Wij hebben permanent een groot aantal gebruikte ClubCar transportvoertuigen. diverse opties zoals bijvoorbeeld laadbakjes, vele personen boeken bij invest-mobile in Nederland\",\"breadcrumb\":{\"@id\":\"https:\/\/huurgolfkar.nl\/de\/event-verhuur\/#breadcrumb\"},\"inLanguage\":\"nl-NL\",\"potentialAction\":[{\"@type\":\"ReadAction\",\"target\":[\"https:\/\/huurgolfkar.nl\/de\/event-verhuur\/\"]}]},{\"@type\":\"BreadcrumbList\",\"@id\":\"https:\/\/huurgolfkar.nl\/de\/event-verhuur\/#breadcrumb\",\"itemListElement\":[{\"@type\":\"ListItem\",\"position\":1,\"name\":\"Home\",\"item\":\"https:\/\/huurgolfkar.nl\/de\/\"},{\"@type\":\"ListItem\",\"position\":2,\"name\":\"Eventvermietung, einen Golfwagen mieten\"}]},{\"@type\":\"WebSite\",\"@id\":\"https:\/\/huurgolfkar.nl\/de\/#website\",\"url\":\"https:\/\/huurgolfkar.nl\/de\/\",\"name\":\"Huurgolfkar.nl\",\"description\":\"\",\"potentialAction\":[{\"@type\":\"SearchAction\",\"target\":{\"@type\":\"EntryPoint\",\"urlTemplate\":\"https:\/\/huurgolfkar.nl\/de\/?s={search_term_string}\"},\"query-input\":{\"@type\":\"PropertyValueSpecification\",\"valueRequired\":true,\"valueName\":\"search_term_string\"}}],\"inLanguage\":\"nl-NL\"}]}<\/script>\n<!-- \/ Yoast SEO plugin. -->","yoast_head_json":{"title":"Event Verhuur | Golfkar huren Nederland","description":"Huur een elektrische golfkar van Park -Drive Electric en maak een prachtige tocht langs de zee en door heel Walcheren. Zeeland is de perfecte bestemming voor een dagje weg met een elektrische golfkar voor op de openbare ;weg. In Nederland rijden met een van onze huurgolfkarren is toegestaan . Wilt u transportvoertuigen of golfkar huren Invest-mobile heeft een uitgebreide verhuurvloot tot uw beschikking. Huur een golfkar voor uw bedrijfs uitje en geniet van het rijden met Invest-mobile clubcar op de openbare weg ,Invest-Mobile bedrijfsfeest met een gehuurde golfkar is een feest in heel Nederland. Invest-mobile ClubCar is een Amerikaans kwaliteitsmerk oa transportvoertuigen voor personen -en goederenvervoer en bedrijven. Huren hoeft geen probleem meer te zijn, golfkar is niet toegestaan op de openbare weg zonder kenteken. Een golfkar huren in Nederland. Wij hebben permanent een groot aantal gebruikte ClubCar transportvoertuigen. diverse opties zoals bijvoorbeeld laadbakjes, vele personen boeken bij invest-mobile in Nederland","robots":{"index":"index","follow":"follow","max-snippet":"max-snippet:-1","max-image-preview":"max-image-preview:large","max-video-preview":"max-video-preview:-1"},"canonical":"https:\/\/huurgolfkar.nl\/de\/event-verhuur\/","og_locale":"nl_NL","og_type":"article","og_title":"Event Verhuur | Golfkar huren Nederland","og_description":"Huur een elektrische golfkar van Park -Drive Electric en maak een prachtige tocht langs de zee en door heel Walcheren. Zeeland is de perfecte bestemming voor een dagje weg met een elektrische golfkar voor op de openbare ;weg. In Nederland rijden met een van onze huurgolfkarren is toegestaan . Wilt u transportvoertuigen of golfkar huren Invest-mobile heeft een uitgebreide verhuurvloot tot uw beschikking. Huur een golfkar voor uw bedrijfs uitje en geniet van het rijden met Invest-mobile clubcar op de openbare weg ,Invest-Mobile bedrijfsfeest met een gehuurde golfkar is een feest in heel Nederland. Invest-mobile ClubCar is een Amerikaans kwaliteitsmerk oa transportvoertuigen voor personen -en goederenvervoer en bedrijven. Huren hoeft geen probleem meer te zijn, golfkar is niet toegestaan op de openbare weg zonder kenteken. Een golfkar huren in Nederland. Wij hebben permanent een groot aantal gebruikte ClubCar transportvoertuigen. diverse opties zoals bijvoorbeeld laadbakjes, vele personen boeken bij invest-mobile in Nederland","og_url":"https:\/\/huurgolfkar.nl\/de\/event-verhuur\/","og_site_name":"Huurgolfkar.nl","article_modified_time":"2015-04-30T15:12:10+00:00","twitter_card":"summary_large_image","twitter_misc":{"Geschatte leestijd":"1 minuut"},"schema":{"@context":"https:\/\/schema.org","@graph":[{"@type":"WebPage","@id":"https:\/\/huurgolfkar.nl\/de\/event-verhuur\/","url":"https:\/\/huurgolfkar.nl\/de\/event-verhuur\/","name":"Event Verhuur | Golfkar huren Nederland","isPartOf":{"@id":"https:\/\/huurgolfkar.nl\/de\/#website"},"datePublished":"2015-04-30T11:54:03+00:00","dateModified":"2015-04-30T15:12:10+00:00","description":"Huur een elektrische golfkar van Park -Drive Electric en maak een prachtige tocht langs de zee en door heel Walcheren. Zeeland is de perfecte bestemming voor een dagje weg met een elektrische golfkar voor op de openbare ;weg. In Nederland rijden met een van onze huurgolfkarren is toegestaan . Wilt u transportvoertuigen of golfkar huren Invest-mobile heeft een uitgebreide verhuurvloot tot uw beschikking. Huur een golfkar voor uw bedrijfs uitje en geniet van het rijden met Invest-mobile clubcar op de openbare weg ,Invest-Mobile bedrijfsfeest met een gehuurde golfkar is een feest in heel Nederland. Invest-mobile ClubCar is een Amerikaans kwaliteitsmerk oa transportvoertuigen voor personen -en goederenvervoer en bedrijven. Huren hoeft geen probleem meer te zijn, golfkar is niet toegestaan op de openbare weg zonder kenteken. Een golfkar huren in Nederland. Wij hebben permanent een groot aantal gebruikte ClubCar transportvoertuigen. diverse opties zoals bijvoorbeeld laadbakjes, vele personen boeken bij invest-mobile in Nederland","breadcrumb":{"@id":"https:\/\/huurgolfkar.nl\/de\/event-verhuur\/#breadcrumb"},"inLanguage":"nl-NL","potentialAction":[{"@type":"ReadAction","target":["https:\/\/huurgolfkar.nl\/de\/event-verhuur\/"]}]},{"@type":"BreadcrumbList","@id":"https:\/\/huurgolfkar.nl\/de\/event-verhuur\/#breadcrumb","itemListElement":[{"@type":"ListItem","position":1,"name":"Home","item":"https:\/\/huurgolfkar.nl\/de\/"},{"@type":"ListItem","position":2,"name":"Eventvermietung, einen Golfwagen mieten"}]},{"@type":"WebSite","@id":"https:\/\/huurgolfkar.nl\/de\/#website","url":"https:\/\/huurgolfkar.nl\/de\/","name":"Huurgolfkar.nl","description":"","potentialAction":[{"@type":"SearchAction","target":{"@type":"EntryPoint","urlTemplate":"https:\/\/huurgolfkar.nl\/de\/?s={search_term_string}"},"query-input":{"@type":"PropertyValueSpecification","valueRequired":true,"valueName":"search_term_string"}}],"inLanguage":"nl-NL"}]}},"_links":{"self":[{"href":"https:\/\/huurgolfkar.nl\/de\/wp-json\/wp\/v2\/pages\/12","targetHints":{"allow":["GET"]}}],"collection":[{"href":"https:\/\/huurgolfkar.nl\/de\/wp-json\/wp\/v2\/pages"}],"about":[{"href":"https:\/\/huurgolfkar.nl\/de\/wp-json\/wp\/v2\/types\/page"}],"author":[{"embeddable":true,"href":"https:\/\/huurgolfkar.nl\/de\/wp-json\/wp\/v2\/users\/1"}],"replies":[{"embeddable":true,"href":"https:\/\/huurgolfkar.nl\/de\/wp-json\/wp\/v2\/comments?post=12"}],"version-history":[{"count":6,"href":"https:\/\/huurgolfkar.nl\/de\/wp-json\/wp\/v2\/pages\/12\/revisions"}],"predecessor-version":[{"id":93,"href":"https:\/\/huurgolfkar.nl\/de\/wp-json\/wp\/v2\/pages\/12\/revisions\/93"}],"wp:attachment":[{"href":"https:\/\/huurgolfkar.nl\/de\/wp-json\/wp\/v2\/media?parent=12"}],"curies":[{"name":"wp","href":"https:\/\/api.w.org\/{rel}","templated":true}]}}