{"id":10,"date":"2015-04-30T12:53:52","date_gmt":"2015-04-30T11:53:52","guid":{"rendered":"http:\/\/huurgolfkar.nl\/de\/?page_id=10"},"modified":"2015-04-30T16:12:35","modified_gmt":"2015-04-30T15:12:35","slug":"wetgeving-golfkar-rijden-in-nederland","status":"publish","type":"page","link":"https:\/\/huurgolfkar.nl\/de\/wetgeving-golfkar-rijden-in-nederland\/","title":{"rendered":"Gesetzgebung"},"content":{"rendered":"\n<style type=\"text\/css\" data-created_by=\"avia_inline_auto\" id=\"style-css-av-av_hr-ee2847e2e025ce3d30801259a03f9fd4\">\n#top .hr.hr-invisible.av-av_hr-ee2847e2e025ce3d30801259a03f9fd4{\nheight:10px;\n}\n<\/style>\n<div  class='hr av-av_hr-ee2847e2e025ce3d30801259a03f9fd4 hr-invisible  avia-builder-el-0  el_before_av_three_fifth  avia-builder-el-first '><span class='hr-inner '><span class=\"hr-inner-style\"><\/span><\/span><\/div>\n<div  class='flex_column av-av_three_fifth-2a9015ff38129c418a3f2eafba3e9512 av_three_fifth  avia-builder-el-1  el_after_av_hr  el_before_av_two_fifth  first flex_column_div  '     ><section  class='av_textblock_section av-av_textblock-0366cc7376be6c9e82a3e9cc8987b64f '   itemscope=\"itemscope\" itemtype=\"https:\/\/schema.org\/CreativeWork\" ><div class='avia_textblock'  itemprop=\"text\" ><h1>Gesetzgebung zum Fahren mit dem Golfwagen in den Niederlanden<\/h1>\n<p>Alle Golfwagen-Fahrzeuge m\u00fcssen national und\/oder europ\u00e4isch zugelassen sein. Golfwagen f\u00fcr Golf sind nicht auf der \u00f6ffentlichen Stra\u00dfe zugelassen, auch nicht in Belgien. All unsere elektrischen Fahrzeuge sind in den Niederlanden gepr\u00fcft und besitzen ein niederl\u00e4ndisches Kennzeichen des Reichsdienst f\u00fcr Stra\u00dfenverkehr und sind versichert. Jeder Golfwagen muss ein Certificate of Conformity oder eine nationale Zulassung besitzen.<\/p>\n<p>Ein &#8216;Invest-Mobile&#8217; Golfwagen, der auf der \u00f6ffentlichen Stra\u00dfe f\u00e4hrt, hat eine Leistung von 2,2 kW (23 bis 30 km\/h) und ein LSV Low Speed Vehicle mit niederl\u00e4ndischem Kennzeichen hat eine Leistung von 3,3 kW (40 bis 45 km\/h. Der Fahrer eines Fl\u00fcsterwagens mit Autozulassung muss also einen Autof\u00fchrerschein besitzen. Golfwagen werden deshalb an Personen \u00fcber 23 Jahren mit einem Autof\u00fchrerschein verkauft\/vermietet, ungeachtet der Tatsache, dass die Geschwindigkeit nur zwischen 23 und 30 km\/h ist.<br \/>\nDiese &#8216;europ\u00e4ische Gesetzgebung&#8217; wird in Absprache mit verschiedenen Polizeieinheiten pro Land festgelegt. Das langsame Fahren auf der \u00f6ffentlichen Stra\u00dfe und in den Dorfkernen kommt allen zugute. Einige Dorfkerne legen sogar Parkpl\u00e4tze f\u00fcr diese elektrischen Wagen an. Diese Parkpl\u00e4tze sind unter der Bezeichnung &#8220;Park-Drive&#8221; bekannt. F\u00fcr die Teilnahme am Stra\u00dfenverkehr gelten also alle Regeln, die f\u00fcr Autos gelten: Der Fahrer muss keinen Helm, aber einen Sicherheitsgurt tragen.<\/p>\n<p>Der Fahrer des Golfwagens, Low Speed Vehicles muss sich wie ein Fahrer eines Kraftfahrzeugs verhalten und f\u00e4hrt also auf dem rechten Fahrstreifen (nicht auf Radwegen oder der Fahrradspur), es sei denn die lokalen Polizeivorschriften legen etwas anderes fest. Auch ist das Fahren mit einem elektrischen Golfwagen auf der Autobahn und Schnellstra\u00dfen untersagt. Die maximale Anzahl Personen pro Fahrzeug ist gesetzlich auf 4 festgelegt. Kleine Kinder sitzen im Fonds in einem Kindersitz und ein Gurt ist Pflicht.<\/p>\n<\/div><\/section><\/div>\n<div  class='flex_column av-av_two_fifth-51390aaf9e51df1148f971e94a8fb894 av_two_fifth  avia-builder-el-3  el_after_av_three_fifth  el_before_av_hr  flex_column_div  '     ><p>\n<style type=\"text\/css\" data-created_by=\"avia_inline_auto\" id=\"style-css-av-av_image-f14e11d6a15793ca27d39f4d289e8360\">\n.avia-image-container.av-av_image-f14e11d6a15793ca27d39f4d289e8360 img.avia_image{\nbox-shadow:none;\n}\n.avia-image-container.av-av_image-f14e11d6a15793ca27d39f4d289e8360 .av-image-caption-overlay-center{\ncolor:#ffffff;\n}\n<\/style>\n<div  class='avia-image-container av-av_image-f14e11d6a15793ca27d39f4d289e8360 av-styling- avia-align-center  avia-builder-el-4  el_before_av_image  avia-builder-el-first '   itemprop=\"image\" itemscope=\"itemscope\" itemtype=\"https:\/\/schema.org\/ImageObject\" ><div class=\"avia-image-container-inner\"><div class=\"avia-image-overlay-wrap\"><img decoding=\"async\" fetchpriority=\"high\" class='wp-image-63 avia-img-lazy-loading-not-63 avia_image ' src=\"https:\/\/huurgolfkar.nl\/de\/wp-content\/uploads\/2015\/04\/wet1.jpg\" alt='' title='wet1'  height=\"302\" width=\"340\"  itemprop=\"thumbnailUrl\" srcset=\"https:\/\/huurgolfkar.nl\/de\/wp-content\/uploads\/2015\/04\/wet1.jpg 340w, https:\/\/huurgolfkar.nl\/de\/wp-content\/uploads\/2015\/04\/wet1-300x266.jpg 300w\" sizes=\"(max-width: 340px) 100vw, 340px\" \/><\/div><\/div><\/div><br \/>\n\n<style type=\"text\/css\" data-created_by=\"avia_inline_auto\" id=\"style-css-av-av_image-6a35f3670bac87429175aa90c9ba1ad0\">\n.avia-image-container.av-av_image-6a35f3670bac87429175aa90c9ba1ad0 img.avia_image{\nbox-shadow:none;\n}\n.avia-image-container.av-av_image-6a35f3670bac87429175aa90c9ba1ad0 .av-image-caption-overlay-center{\ncolor:#ffffff;\n}\n<\/style>\n<div  class='avia-image-container av-av_image-6a35f3670bac87429175aa90c9ba1ad0 av-styling- avia-align-center  avia-builder-el-5  el_after_av_image  avia-builder-el-last '   itemprop=\"image\" itemscope=\"itemscope\" itemtype=\"https:\/\/schema.org\/ImageObject\" ><div class=\"avia-image-container-inner\"><div class=\"avia-image-overlay-wrap\"><img decoding=\"async\" fetchpriority=\"high\" class='wp-image-64 avia-img-lazy-loading-not-64 avia_image ' src=\"https:\/\/huurgolfkar.nl\/de\/wp-content\/uploads\/2015\/04\/wet2.jpg\" alt='' title='wet2'  height=\"302\" width=\"340\"  itemprop=\"thumbnailUrl\" srcset=\"https:\/\/huurgolfkar.nl\/de\/wp-content\/uploads\/2015\/04\/wet2.jpg 340w, https:\/\/huurgolfkar.nl\/de\/wp-content\/uploads\/2015\/04\/wet2-300x266.jpg 300w\" sizes=\"(max-width: 340px) 100vw, 340px\" \/><\/div><\/div><\/div><\/p><\/div>\n\n<style type=\"text\/css\" data-created_by=\"avia_inline_auto\" id=\"style-css-av-av_hr-ee2847e2e025ce3d30801259a03f9fd4\">\n#top .hr.hr-invisible.av-av_hr-ee2847e2e025ce3d30801259a03f9fd4{\nheight:10px;\n}\n<\/style>\n<div  class='hr av-av_hr-ee2847e2e025ce3d30801259a03f9fd4 hr-invisible  avia-builder-el-6  el_after_av_two_fifth  avia-builder-el-last '><span class='hr-inner '><span class=\"hr-inner-style\"><\/span><\/span><\/div>\n","protected":false},"excerpt":{"rendered":"","protected":false},"author":1,"featured_media":0,"parent":0,"menu_order":0,"comment_status":"open","ping_status":"open","template":"","meta":{"footnotes":""},"class_list":["post-10","page","type-page","status-publish","hentry"],"yoast_head":"<!-- This site is optimized with the Yoast SEO plugin v26.9 - https:\/\/yoast.com\/product\/yoast-seo-wordpress\/ -->\n<title>Wetgeving golfkar rijden in Nederland | Golfkar huren Nederland<\/title>\n<meta name=\"description\" content=\"Huur een elektrische golfkar van Park -Drive Electric en maak een prachtige tocht langs de zee en door heel Walcheren. Zeeland is de perfecte bestemming voor een dagje weg met een elektrische golfkar voor op de openbare ;weg. In Nederland rijden met een van onze huurgolfkarren is toegestaan . Wilt u transportvoertuigen of golfkar huren Invest-mobile heeft een uitgebreide verhuurvloot tot uw beschikking. Huur een golfkar voor uw bedrijfs uitje en geniet van het rijden met Invest-mobile clubcar op de openbare weg ,Invest-Mobile bedrijfsfeest met een gehuurde golfkar is een feest in heel Nederland. Invest-mobile ClubCar is een Amerikaans kwaliteitsmerk oa transportvoertuigen voor personen -en goederenvervoer en bedrijven. Huren hoeft geen probleem meer te zijn, golfkar is niet toegestaan op de openbare weg zonder kenteken. Een golfkar huren in Nederland. Wij hebben permanent een groot aantal gebruikte ClubCar transportvoertuigen. diverse opties zoals bijvoorbeeld laadbakjes, vele personen boeken bij invest-mobile in Nederland\" \/>\n<meta name=\"robots\" content=\"index, follow, max-snippet:-1, max-image-preview:large, max-video-preview:-1\" \/>\n<link rel=\"canonical\" href=\"https:\/\/huurgolfkar.nl\/de\/wetgeving-golfkar-rijden-in-nederland\/\" \/>\n<meta property=\"og:locale\" content=\"nl_NL\" \/>\n<meta property=\"og:type\" content=\"article\" \/>\n<meta property=\"og:title\" content=\"Wetgeving golfkar rijden in Nederland | Golfkar huren Nederland\" \/>\n<meta property=\"og:description\" content=\"Huur een elektrische golfkar van Park -Drive Electric en maak een prachtige tocht langs de zee en door heel Walcheren. Zeeland is de perfecte bestemming voor een dagje weg met een elektrische golfkar voor op de openbare ;weg. In Nederland rijden met een van onze huurgolfkarren is toegestaan . Wilt u transportvoertuigen of golfkar huren Invest-mobile heeft een uitgebreide verhuurvloot tot uw beschikking. Huur een golfkar voor uw bedrijfs uitje en geniet van het rijden met Invest-mobile clubcar op de openbare weg ,Invest-Mobile bedrijfsfeest met een gehuurde golfkar is een feest in heel Nederland. Invest-mobile ClubCar is een Amerikaans kwaliteitsmerk oa transportvoertuigen voor personen -en goederenvervoer en bedrijven. Huren hoeft geen probleem meer te zijn, golfkar is niet toegestaan op de openbare weg zonder kenteken. Een golfkar huren in Nederland. Wij hebben permanent een groot aantal gebruikte ClubCar transportvoertuigen. diverse opties zoals bijvoorbeeld laadbakjes, vele personen boeken bij invest-mobile in Nederland\" \/>\n<meta property=\"og:url\" content=\"https:\/\/huurgolfkar.nl\/de\/wetgeving-golfkar-rijden-in-nederland\/\" \/>\n<meta property=\"og:site_name\" content=\"Huurgolfkar.nl\" \/>\n<meta property=\"article:modified_time\" content=\"2015-04-30T15:12:35+00:00\" \/>\n<meta name=\"twitter:card\" content=\"summary_large_image\" \/>\n<meta name=\"twitter:label1\" content=\"Geschatte leestijd\" \/>\n\t<meta name=\"twitter:data1\" content=\"3 minuten\" \/>\n<script type=\"application\/ld+json\" class=\"yoast-schema-graph\">{\"@context\":\"https:\/\/schema.org\",\"@graph\":[{\"@type\":\"WebPage\",\"@id\":\"https:\/\/huurgolfkar.nl\/de\/wetgeving-golfkar-rijden-in-nederland\/\",\"url\":\"https:\/\/huurgolfkar.nl\/de\/wetgeving-golfkar-rijden-in-nederland\/\",\"name\":\"Wetgeving golfkar rijden in Nederland | Golfkar huren Nederland\",\"isPartOf\":{\"@id\":\"https:\/\/huurgolfkar.nl\/de\/#website\"},\"datePublished\":\"2015-04-30T11:53:52+00:00\",\"dateModified\":\"2015-04-30T15:12:35+00:00\",\"description\":\"Huur een elektrische golfkar van Park -Drive Electric en maak een prachtige tocht langs de zee en door heel Walcheren. Zeeland is de perfecte bestemming voor een dagje weg met een elektrische golfkar voor op de openbare ;weg. In Nederland rijden met een van onze huurgolfkarren is toegestaan . Wilt u transportvoertuigen of golfkar huren Invest-mobile heeft een uitgebreide verhuurvloot tot uw beschikking. Huur een golfkar voor uw bedrijfs uitje en geniet van het rijden met Invest-mobile clubcar op de openbare weg ,Invest-Mobile bedrijfsfeest met een gehuurde golfkar is een feest in heel Nederland. Invest-mobile ClubCar is een Amerikaans kwaliteitsmerk oa transportvoertuigen voor personen -en goederenvervoer en bedrijven. Huren hoeft geen probleem meer te zijn, golfkar is niet toegestaan op de openbare weg zonder kenteken. Een golfkar huren in Nederland. Wij hebben permanent een groot aantal gebruikte ClubCar transportvoertuigen. diverse opties zoals bijvoorbeeld laadbakjes, vele personen boeken bij invest-mobile in Nederland\",\"breadcrumb\":{\"@id\":\"https:\/\/huurgolfkar.nl\/de\/wetgeving-golfkar-rijden-in-nederland\/#breadcrumb\"},\"inLanguage\":\"nl-NL\",\"potentialAction\":[{\"@type\":\"ReadAction\",\"target\":[\"https:\/\/huurgolfkar.nl\/de\/wetgeving-golfkar-rijden-in-nederland\/\"]}]},{\"@type\":\"BreadcrumbList\",\"@id\":\"https:\/\/huurgolfkar.nl\/de\/wetgeving-golfkar-rijden-in-nederland\/#breadcrumb\",\"itemListElement\":[{\"@type\":\"ListItem\",\"position\":1,\"name\":\"Home\",\"item\":\"https:\/\/huurgolfkar.nl\/de\/\"},{\"@type\":\"ListItem\",\"position\":2,\"name\":\"Gesetzgebung\"}]},{\"@type\":\"WebSite\",\"@id\":\"https:\/\/huurgolfkar.nl\/de\/#website\",\"url\":\"https:\/\/huurgolfkar.nl\/de\/\",\"name\":\"Huurgolfkar.nl\",\"description\":\"\",\"potentialAction\":[{\"@type\":\"SearchAction\",\"target\":{\"@type\":\"EntryPoint\",\"urlTemplate\":\"https:\/\/huurgolfkar.nl\/de\/?s={search_term_string}\"},\"query-input\":{\"@type\":\"PropertyValueSpecification\",\"valueRequired\":true,\"valueName\":\"search_term_string\"}}],\"inLanguage\":\"nl-NL\"}]}<\/script>\n<!-- \/ Yoast SEO plugin. -->","yoast_head_json":{"title":"Wetgeving golfkar rijden in Nederland | Golfkar huren Nederland","description":"Huur een elektrische golfkar van Park -Drive Electric en maak een prachtige tocht langs de zee en door heel Walcheren. Zeeland is de perfecte bestemming voor een dagje weg met een elektrische golfkar voor op de openbare ;weg. In Nederland rijden met een van onze huurgolfkarren is toegestaan . Wilt u transportvoertuigen of golfkar huren Invest-mobile heeft een uitgebreide verhuurvloot tot uw beschikking. Huur een golfkar voor uw bedrijfs uitje en geniet van het rijden met Invest-mobile clubcar op de openbare weg ,Invest-Mobile bedrijfsfeest met een gehuurde golfkar is een feest in heel Nederland. Invest-mobile ClubCar is een Amerikaans kwaliteitsmerk oa transportvoertuigen voor personen -en goederenvervoer en bedrijven. Huren hoeft geen probleem meer te zijn, golfkar is niet toegestaan op de openbare weg zonder kenteken. Een golfkar huren in Nederland. Wij hebben permanent een groot aantal gebruikte ClubCar transportvoertuigen. diverse opties zoals bijvoorbeeld laadbakjes, vele personen boeken bij invest-mobile in Nederland","robots":{"index":"index","follow":"follow","max-snippet":"max-snippet:-1","max-image-preview":"max-image-preview:large","max-video-preview":"max-video-preview:-1"},"canonical":"https:\/\/huurgolfkar.nl\/de\/wetgeving-golfkar-rijden-in-nederland\/","og_locale":"nl_NL","og_type":"article","og_title":"Wetgeving golfkar rijden in Nederland | Golfkar huren Nederland","og_description":"Huur een elektrische golfkar van Park -Drive Electric en maak een prachtige tocht langs de zee en door heel Walcheren. Zeeland is de perfecte bestemming voor een dagje weg met een elektrische golfkar voor op de openbare ;weg. In Nederland rijden met een van onze huurgolfkarren is toegestaan . Wilt u transportvoertuigen of golfkar huren Invest-mobile heeft een uitgebreide verhuurvloot tot uw beschikking. Huur een golfkar voor uw bedrijfs uitje en geniet van het rijden met Invest-mobile clubcar op de openbare weg ,Invest-Mobile bedrijfsfeest met een gehuurde golfkar is een feest in heel Nederland. Invest-mobile ClubCar is een Amerikaans kwaliteitsmerk oa transportvoertuigen voor personen -en goederenvervoer en bedrijven. Huren hoeft geen probleem meer te zijn, golfkar is niet toegestaan op de openbare weg zonder kenteken. Een golfkar huren in Nederland. Wij hebben permanent een groot aantal gebruikte ClubCar transportvoertuigen. diverse opties zoals bijvoorbeeld laadbakjes, vele personen boeken bij invest-mobile in Nederland","og_url":"https:\/\/huurgolfkar.nl\/de\/wetgeving-golfkar-rijden-in-nederland\/","og_site_name":"Huurgolfkar.nl","article_modified_time":"2015-04-30T15:12:35+00:00","twitter_card":"summary_large_image","twitter_misc":{"Geschatte leestijd":"3 minuten"},"schema":{"@context":"https:\/\/schema.org","@graph":[{"@type":"WebPage","@id":"https:\/\/huurgolfkar.nl\/de\/wetgeving-golfkar-rijden-in-nederland\/","url":"https:\/\/huurgolfkar.nl\/de\/wetgeving-golfkar-rijden-in-nederland\/","name":"Wetgeving golfkar rijden in Nederland | Golfkar huren Nederland","isPartOf":{"@id":"https:\/\/huurgolfkar.nl\/de\/#website"},"datePublished":"2015-04-30T11:53:52+00:00","dateModified":"2015-04-30T15:12:35+00:00","description":"Huur een elektrische golfkar van Park -Drive Electric en maak een prachtige tocht langs de zee en door heel Walcheren. Zeeland is de perfecte bestemming voor een dagje weg met een elektrische golfkar voor op de openbare ;weg. In Nederland rijden met een van onze huurgolfkarren is toegestaan . Wilt u transportvoertuigen of golfkar huren Invest-mobile heeft een uitgebreide verhuurvloot tot uw beschikking. Huur een golfkar voor uw bedrijfs uitje en geniet van het rijden met Invest-mobile clubcar op de openbare weg ,Invest-Mobile bedrijfsfeest met een gehuurde golfkar is een feest in heel Nederland. Invest-mobile ClubCar is een Amerikaans kwaliteitsmerk oa transportvoertuigen voor personen -en goederenvervoer en bedrijven. Huren hoeft geen probleem meer te zijn, golfkar is niet toegestaan op de openbare weg zonder kenteken. Een golfkar huren in Nederland. Wij hebben permanent een groot aantal gebruikte ClubCar transportvoertuigen. diverse opties zoals bijvoorbeeld laadbakjes, vele personen boeken bij invest-mobile in Nederland","breadcrumb":{"@id":"https:\/\/huurgolfkar.nl\/de\/wetgeving-golfkar-rijden-in-nederland\/#breadcrumb"},"inLanguage":"nl-NL","potentialAction":[{"@type":"ReadAction","target":["https:\/\/huurgolfkar.nl\/de\/wetgeving-golfkar-rijden-in-nederland\/"]}]},{"@type":"BreadcrumbList","@id":"https:\/\/huurgolfkar.nl\/de\/wetgeving-golfkar-rijden-in-nederland\/#breadcrumb","itemListElement":[{"@type":"ListItem","position":1,"name":"Home","item":"https:\/\/huurgolfkar.nl\/de\/"},{"@type":"ListItem","position":2,"name":"Gesetzgebung"}]},{"@type":"WebSite","@id":"https:\/\/huurgolfkar.nl\/de\/#website","url":"https:\/\/huurgolfkar.nl\/de\/","name":"Huurgolfkar.nl","description":"","potentialAction":[{"@type":"SearchAction","target":{"@type":"EntryPoint","urlTemplate":"https:\/\/huurgolfkar.nl\/de\/?s={search_term_string}"},"query-input":{"@type":"PropertyValueSpecification","valueRequired":true,"valueName":"search_term_string"}}],"inLanguage":"nl-NL"}]}},"_links":{"self":[{"href":"https:\/\/huurgolfkar.nl\/de\/wp-json\/wp\/v2\/pages\/10","targetHints":{"allow":["GET"]}}],"collection":[{"href":"https:\/\/huurgolfkar.nl\/de\/wp-json\/wp\/v2\/pages"}],"about":[{"href":"https:\/\/huurgolfkar.nl\/de\/wp-json\/wp\/v2\/types\/page"}],"author":[{"embeddable":true,"href":"https:\/\/huurgolfkar.nl\/de\/wp-json\/wp\/v2\/users\/1"}],"replies":[{"embeddable":true,"href":"https:\/\/huurgolfkar.nl\/de\/wp-json\/wp\/v2\/comments?post=10"}],"version-history":[{"count":5,"href":"https:\/\/huurgolfkar.nl\/de\/wp-json\/wp\/v2\/pages\/10\/revisions"}],"predecessor-version":[{"id":94,"href":"https:\/\/huurgolfkar.nl\/de\/wp-json\/wp\/v2\/pages\/10\/revisions\/94"}],"wp:attachment":[{"href":"https:\/\/huurgolfkar.nl\/de\/wp-json\/wp\/v2\/media?parent=10"}],"curies":[{"name":"wp","href":"https:\/\/api.w.org\/{rel}","templated":true}]}}